{"id":195,"date":"2024-09-04T05:02:32","date_gmt":"2024-09-04T05:02:32","guid":{"rendered":"https:\/\/cmnsuppliers.co.mz\/ad-agency-lite\/"},"modified":"2024-09-15T11:06:19","modified_gmt":"2024-09-15T11:06:19","slug":"produtos-e-servicos","status":"publish","type":"page","link":"https:\/\/cmnsuppliers.co.mz\/?page_id=195","title":{"rendered":"Produtos e Servi\u00e7os"},"content":{"rendered":"\t\t<div data-elementor-type=\"wp-page\" data-elementor-id=\"195\" class=\"elementor elementor-195\">\n\t\t\t\t<div class=\"elementor-element elementor-element-19c3276 e-flex e-con-boxed e-con e-parent\" data-id=\"19c3276\" data-element_type=\"container\">\n\t\t\t\t\t<div class=\"e-con-inner\">\n\t\t\t\t<div class=\"elementor-element elementor-element-ab1980d elementor-widget elementor-widget-heading\" data-id=\"ab1980d\" data-element_type=\"widget\" data-widget_type=\"heading.default\">\n\t\t\t\t<div class=\"elementor-widget-container\">\n\t\t\t<h3 class=\"elementor-heading-title elementor-size-default\">Bordados e estampagem<\/h3>\t\t<\/div>\n\t\t\t\t<\/div>\n\t\t\t\t\t<\/div>\n\t\t\t\t<\/div>\n\t\t<div class=\"elementor-element elementor-element-7b116e7 e-flex e-con-boxed e-con e-parent\" data-id=\"7b116e7\" data-element_type=\"container\">\n\t\t\t\t\t<div class=\"e-con-inner\">\n\t\t\t\t<div class=\"elementor-element elementor-element-06c8668 elementor-widget elementor-widget-image\" data-id=\"06c8668\" data-element_type=\"widget\" data-widget_type=\"image.default\">\n\t\t\t\t<div class=\"elementor-widget-container\">\n\t\t\t\t\t\t\t\t\t\t\t\t\t<img fetchpriority=\"high\" decoding=\"async\" width=\"1024\" height=\"1008\" src=\"https:\/\/cmnsuppliers.co.mz\/wp-content\/uploads\/2024\/09\/equip-1-1024x1008.jpg\" class=\"attachment-large size-large wp-image-348\" alt=\"\" srcset=\"https:\/\/cmnsuppliers.co.mz\/wp-content\/uploads\/2024\/09\/equip-1-1024x1008.jpg 1024w, https:\/\/cmnsuppliers.co.mz\/wp-content\/uploads\/2024\/09\/equip-1-300x295.jpg 300w, https:\/\/cmnsuppliers.co.mz\/wp-content\/uploads\/2024\/09\/equip-1-768x756.jpg 768w, https:\/\/cmnsuppliers.co.mz\/wp-content\/uploads\/2024\/09\/equip-1.jpg 1115w\" sizes=\"(max-width: 1024px) 100vw, 1024px\" \/>\t\t\t\t\t\t\t\t\t\t\t\t\t<\/div>\n\t\t\t\t<\/div>\n\t\t\t\t\t<\/div>\n\t\t\t\t<\/div>\n\t\t<div class=\"elementor-element elementor-element-6d93f6a e-flex e-con-boxed e-con e-parent\" data-id=\"6d93f6a\" data-element_type=\"container\">\n\t\t\t\t\t<div class=\"e-con-inner\">\n\t\t\t\t<div class=\"elementor-element elementor-element-33f374b elementor-widget elementor-widget-heading\" data-id=\"33f374b\" data-element_type=\"widget\" data-widget_type=\"heading.default\">\n\t\t\t\t<div class=\"elementor-widget-container\">\n\t\t\t<h3 class=\"elementor-heading-title elementor-size-default\">Cart\u00f5es de visita<\/h3>\t\t<\/div>\n\t\t\t\t<\/div>\n\t\t\t\t\t<\/div>\n\t\t\t\t<\/div>\n\t\t<div class=\"elementor-element elementor-element-4729af5 e-flex e-con-boxed e-con e-parent\" data-id=\"4729af5\" data-element_type=\"container\">\n\t\t\t\t\t<div class=\"e-con-inner\">\n\t\t\t\t<div class=\"elementor-element elementor-element-851bb95 elementor-widget elementor-widget-image\" data-id=\"851bb95\" data-element_type=\"widget\" data-widget_type=\"image.default\">\n\t\t\t\t<div class=\"elementor-widget-container\">\n\t\t\t\t\t\t\t\t\t\t\t\t\t<img decoding=\"async\" width=\"1024\" height=\"872\" src=\"https:\/\/cmnsuppliers.co.mz\/wp-content\/uploads\/2024\/09\/cartoes-1024x872.jpg\" class=\"attachment-large size-large wp-image-344\" alt=\"\" srcset=\"https:\/\/cmnsuppliers.co.mz\/wp-content\/uploads\/2024\/09\/cartoes-1024x872.jpg 1024w, https:\/\/cmnsuppliers.co.mz\/wp-content\/uploads\/2024\/09\/cartoes-300x256.jpg 300w, https:\/\/cmnsuppliers.co.mz\/wp-content\/uploads\/2024\/09\/cartoes-768x654.jpg 768w, https:\/\/cmnsuppliers.co.mz\/wp-content\/uploads\/2024\/09\/cartoes.jpg 1120w\" sizes=\"(max-width: 1024px) 100vw, 1024px\" \/>\t\t\t\t\t\t\t\t\t\t\t\t\t<\/div>\n\t\t\t\t<\/div>\n\t\t\t\t\t<\/div>\n\t\t\t\t<\/div>\n\t\t<div class=\"elementor-element elementor-element-d385416 e-flex e-con-boxed e-con e-parent\" data-id=\"d385416\" data-element_type=\"container\">\n\t\t\t\t\t<div class=\"e-con-inner\">\n\t\t\t\t<div class=\"elementor-element elementor-element-e373f36 elementor-widget elementor-widget-heading\" data-id=\"e373f36\" data-element_type=\"widget\" data-widget_type=\"heading.default\">\n\t\t\t\t<div class=\"elementor-widget-container\">\n\t\t\t<h3 class=\"elementor-heading-title elementor-size-default\">Reclames<\/h3>\t\t<\/div>\n\t\t\t\t<\/div>\n\t\t\t\t\t<\/div>\n\t\t\t\t<\/div>\n\t\t<div class=\"elementor-element elementor-element-87d22df e-flex e-con-boxed e-con e-parent\" data-id=\"87d22df\" data-element_type=\"container\">\n\t\t\t\t\t<div class=\"e-con-inner\">\n\t\t\t\t<div class=\"elementor-element elementor-element-1109ee6 elementor-widget elementor-widget-image\" data-id=\"1109ee6\" data-element_type=\"widget\" data-widget_type=\"image.default\">\n\t\t\t\t<div class=\"elementor-widget-container\">\n\t\t\t\t\t\t\t\t\t\t\t\t\t<img decoding=\"async\" width=\"1020\" height=\"1024\" src=\"https:\/\/cmnsuppliers.co.mz\/wp-content\/uploads\/2024\/09\/reclamos-1-1020x1024.jpg\" class=\"attachment-large size-large wp-image-340\" alt=\"\" srcset=\"https:\/\/cmnsuppliers.co.mz\/wp-content\/uploads\/2024\/09\/reclamos-1-1020x1024.jpg 1020w, https:\/\/cmnsuppliers.co.mz\/wp-content\/uploads\/2024\/09\/reclamos-1-300x300.jpg 300w, https:\/\/cmnsuppliers.co.mz\/wp-content\/uploads\/2024\/09\/reclamos-1-150x150.jpg 150w, https:\/\/cmnsuppliers.co.mz\/wp-content\/uploads\/2024\/09\/reclamos-1-768x771.jpg 768w, https:\/\/cmnsuppliers.co.mz\/wp-content\/uploads\/2024\/09\/reclamos-1.jpg 1118w\" sizes=\"(max-width: 1020px) 100vw, 1020px\" \/>\t\t\t\t\t\t\t\t\t\t\t\t\t<\/div>\n\t\t\t\t<\/div>\n\t\t\t\t\t<\/div>\n\t\t\t\t<\/div>\n\t\t<div class=\"elementor-element elementor-element-5cd95ad e-flex e-con-boxed e-con e-parent\" data-id=\"5cd95ad\" data-element_type=\"container\">\n\t\t\t\t\t<div class=\"e-con-inner\">\n\t\t\t\t<div class=\"elementor-element elementor-element-20812c1 elementor-widget elementor-widget-heading\" data-id=\"20812c1\" data-element_type=\"widget\" data-widget_type=\"heading.default\">\n\t\t\t\t<div class=\"elementor-widget-container\">\n\t\t\t<h3 class=\"elementor-heading-title elementor-size-default\">Material inform\u00e1tico e de escrit\u00f3rio<\/h3>\t\t<\/div>\n\t\t\t\t<\/div>\n\t\t\t\t\t<\/div>\n\t\t\t\t<\/div>\n\t\t<div class=\"elementor-element elementor-element-93f24cd e-flex e-con-boxed e-con e-parent\" data-id=\"93f24cd\" data-element_type=\"container\">\n\t\t\t\t\t<div class=\"e-con-inner\">\n\t\t\t\t<div class=\"elementor-element elementor-element-a63a85d elementor-widget elementor-widget-image\" data-id=\"a63a85d\" data-element_type=\"widget\" data-widget_type=\"image.default\">\n\t\t\t\t<div class=\"elementor-widget-container\">\n\t\t\t\t\t\t\t\t\t\t\t\t\t<img loading=\"lazy\" decoding=\"async\" width=\"1024\" height=\"945\" src=\"https:\/\/cmnsuppliers.co.mz\/wp-content\/uploads\/2024\/09\/mat-1024x945.jpg\" class=\"attachment-large size-large wp-image-332\" alt=\"\" srcset=\"https:\/\/cmnsuppliers.co.mz\/wp-content\/uploads\/2024\/09\/mat-1024x945.jpg 1024w, https:\/\/cmnsuppliers.co.mz\/wp-content\/uploads\/2024\/09\/mat-300x277.jpg 300w, https:\/\/cmnsuppliers.co.mz\/wp-content\/uploads\/2024\/09\/mat-768x709.jpg 768w, https:\/\/cmnsuppliers.co.mz\/wp-content\/uploads\/2024\/09\/mat.jpg 1118w\" sizes=\"(max-width: 1024px) 100vw, 1024px\" \/>\t\t\t\t\t\t\t\t\t\t\t\t\t<\/div>\n\t\t\t\t<\/div>\n\t\t\t\t\t<\/div>\n\t\t\t\t<\/div>\n\t\t<div class=\"elementor-element elementor-element-88f7ef2 e-flex e-con-boxed e-con e-parent\" data-id=\"88f7ef2\" data-element_type=\"container\">\n\t\t\t\t\t<div class=\"e-con-inner\">\n\t\t\t\t<div class=\"elementor-element elementor-element-b436303 elementor-widget elementor-widget-image\" data-id=\"b436303\" data-element_type=\"widget\" data-widget_type=\"image.default\">\n\t\t\t\t<div class=\"elementor-widget-container\">\n\t\t\t\t\t\t\t\t\t\t\t\t\t<img loading=\"lazy\" decoding=\"async\" width=\"1024\" height=\"1000\" src=\"https:\/\/cmnsuppliers.co.mz\/wp-content\/uploads\/2024\/09\/mat-2-1024x1000.jpg\" class=\"attachment-large size-large wp-image-336\" alt=\"\" srcset=\"https:\/\/cmnsuppliers.co.mz\/wp-content\/uploads\/2024\/09\/mat-2-1024x1000.jpg 1024w, https:\/\/cmnsuppliers.co.mz\/wp-content\/uploads\/2024\/09\/mat-2-300x293.jpg 300w, https:\/\/cmnsuppliers.co.mz\/wp-content\/uploads\/2024\/09\/mat-2-768x750.jpg 768w, https:\/\/cmnsuppliers.co.mz\/wp-content\/uploads\/2024\/09\/mat-2.jpg 1131w\" sizes=\"(max-width: 1024px) 100vw, 1024px\" \/>\t\t\t\t\t\t\t\t\t\t\t\t\t<\/div>\n\t\t\t\t<\/div>\n\t\t\t\t\t<\/div>\n\t\t\t\t<\/div>\n\t\t<div class=\"elementor-element elementor-element-bc7540b e-flex e-con-boxed e-con e-parent\" data-id=\"bc7540b\" data-element_type=\"container\">\n\t\t\t\t\t<div class=\"e-con-inner\">\n\t\t\t\t<div class=\"elementor-element elementor-element-3834a7a elementor-widget elementor-widget-heading\" data-id=\"3834a7a\" data-element_type=\"widget\" data-widget_type=\"heading.default\">\n\t\t\t\t<div class=\"elementor-widget-container\">\n\t\t\t<h3 class=\"elementor-heading-title elementor-size-default\">Equipamento de higiene e seguran\u00e7a no trabalho<\/h3>\t\t<\/div>\n\t\t\t\t<\/div>\n\t\t\t\t\t<\/div>\n\t\t\t\t<\/div>\n\t\t<div class=\"elementor-element elementor-element-de80ba3 e-flex e-con-boxed e-con e-parent\" data-id=\"de80ba3\" data-element_type=\"container\">\n\t\t\t\t\t<div class=\"e-con-inner\">\n\t\t\t\t<div class=\"elementor-element elementor-element-0056684 elementor-widget elementor-widget-image\" data-id=\"0056684\" data-element_type=\"widget\" data-widget_type=\"image.default\">\n\t\t\t\t<div class=\"elementor-widget-container\">\n\t\t\t\t\t\t\t\t\t\t\t\t\t<img loading=\"lazy\" decoding=\"async\" width=\"1024\" height=\"565\" src=\"https:\/\/cmnsuppliers.co.mz\/wp-content\/uploads\/2024\/09\/equip-1024x565.jpg\" class=\"attachment-large size-large wp-image-247\" alt=\"\" srcset=\"https:\/\/cmnsuppliers.co.mz\/wp-content\/uploads\/2024\/09\/equip-1024x565.jpg 1024w, https:\/\/cmnsuppliers.co.mz\/wp-content\/uploads\/2024\/09\/equip-300x166.jpg 300w, https:\/\/cmnsuppliers.co.mz\/wp-content\/uploads\/2024\/09\/equip-768x424.jpg 768w, https:\/\/cmnsuppliers.co.mz\/wp-content\/uploads\/2024\/09\/equip.jpg 1139w\" sizes=\"(max-width: 1024px) 100vw, 1024px\" \/>\t\t\t\t\t\t\t\t\t\t\t\t\t<\/div>\n\t\t\t\t<\/div>\n\t\t\t\t\t<\/div>\n\t\t\t\t<\/div>\n\t\t<div class=\"elementor-element elementor-element-b807cc5 e-flex e-con-boxed e-con e-parent\" data-id=\"b807cc5\" data-element_type=\"container\">\n\t\t\t\t\t<div class=\"e-con-inner\">\n\t\t\t\t<div class=\"elementor-element elementor-element-d891449 elementor-widget elementor-widget-heading\" data-id=\"d891449\" data-element_type=\"widget\" data-widget_type=\"heading.default\">\n\t\t\t\t<div class=\"elementor-widget-container\">\n\t\t\t<h3 class=\"elementor-heading-title elementor-size-default\">Material de prote\u00e7\u00e3o contra COVID-19<\/h3>\t\t<\/div>\n\t\t\t\t<\/div>\n\t\t\t\t\t<\/div>\n\t\t\t\t<\/div>\n\t\t<div class=\"elementor-element elementor-element-52e146a e-flex e-con-boxed e-con e-parent\" data-id=\"52e146a\" data-element_type=\"container\">\n\t\t\t\t\t<div class=\"e-con-inner\">\n\t\t\t\t<div class=\"elementor-element elementor-element-dca578a elementor-widget elementor-widget-image\" data-id=\"dca578a\" data-element_type=\"widget\" data-widget_type=\"image.default\">\n\t\t\t\t<div class=\"elementor-widget-container\">\n\t\t\t\t\t\t\t\t\t\t\t\t\t<img loading=\"lazy\" decoding=\"async\" width=\"935\" height=\"1024\" src=\"https:\/\/cmnsuppliers.co.mz\/wp-content\/uploads\/2024\/09\/covid-1-935x1024.jpg\" class=\"attachment-large size-large wp-image-352\" alt=\"\" srcset=\"https:\/\/cmnsuppliers.co.mz\/wp-content\/uploads\/2024\/09\/covid-1-935x1024.jpg 935w, https:\/\/cmnsuppliers.co.mz\/wp-content\/uploads\/2024\/09\/covid-1-274x300.jpg 274w, https:\/\/cmnsuppliers.co.mz\/wp-content\/uploads\/2024\/09\/covid-1-768x841.jpg 768w, https:\/\/cmnsuppliers.co.mz\/wp-content\/uploads\/2024\/09\/covid-1.jpg 1118w\" sizes=\"(max-width: 935px) 100vw, 935px\" \/>\t\t\t\t\t\t\t\t\t\t\t\t\t<\/div>\n\t\t\t\t<\/div>\n\t\t\t\t\t<\/div>\n\t\t\t\t<\/div>\n\t\t<div class=\"elementor-element elementor-element-5239f82 e-flex e-con-boxed e-con e-parent\" data-id=\"5239f82\" data-element_type=\"container\">\n\t\t\t\t\t<div class=\"e-con-inner\">\n\t\t\t\t<div class=\"elementor-element elementor-element-354d4c2 elementor-widget elementor-widget-image\" data-id=\"354d4c2\" data-element_type=\"widget\" data-widget_type=\"image.default\">\n\t\t\t\t<div class=\"elementor-widget-container\">\n\t\t\t\t\t\t\t\t\t\t\t\t\t<img loading=\"lazy\" decoding=\"async\" width=\"1010\" height=\"1024\" src=\"https:\/\/cmnsuppliers.co.mz\/wp-content\/uploads\/2024\/09\/covid-2-1010x1024.jpg\" class=\"attachment-large size-large wp-image-353\" alt=\"\" srcset=\"https:\/\/cmnsuppliers.co.mz\/wp-content\/uploads\/2024\/09\/covid-2-1010x1024.jpg 1010w, https:\/\/cmnsuppliers.co.mz\/wp-content\/uploads\/2024\/09\/covid-2-296x300.jpg 296w, https:\/\/cmnsuppliers.co.mz\/wp-content\/uploads\/2024\/09\/covid-2-768x779.jpg 768w, https:\/\/cmnsuppliers.co.mz\/wp-content\/uploads\/2024\/09\/covid-2.jpg 1118w\" sizes=\"(max-width: 1010px) 100vw, 1010px\" \/>\t\t\t\t\t\t\t\t\t\t\t\t\t<\/div>\n\t\t\t\t<\/div>\n\t\t\t\t\t<\/div>\n\t\t\t\t<\/div>\n\t\t<div class=\"elementor-element elementor-element-6e66c24 e-flex e-con-boxed e-con e-parent\" data-id=\"6e66c24\" data-element_type=\"container\">\n\t\t\t\t\t<div class=\"e-con-inner\">\n\t\t\t\t<div class=\"elementor-element elementor-element-42d0feb elementor-widget elementor-widget-heading\" data-id=\"42d0feb\" data-element_type=\"widget\" data-widget_type=\"heading.default\">\n\t\t\t\t<div class=\"elementor-widget-container\">\n\t\t\t<h3 class=\"elementor-heading-title elementor-size-default\">Os nossos produtos e servi\u00e7os<\/h3>\t\t<\/div>\n\t\t\t\t<\/div>\n\t\t\t\t\t<\/div>\n\t\t\t\t<\/div>\n\t\t<div class=\"elementor-element elementor-element-2e611e1 e-flex e-con-boxed e-con e-parent\" data-id=\"2e611e1\" data-element_type=\"container\">\n\t\t\t\t\t<div class=\"e-con-inner\">\n\t\t\t\t<div class=\"elementor-element elementor-element-1ba4aad elementor-widget elementor-widget-image\" data-id=\"1ba4aad\" data-element_type=\"widget\" data-widget_type=\"image.default\">\n\t\t\t\t<div class=\"elementor-widget-container\">\n\t\t\t\t\t\t\t\t\t\t\t\t\t<img loading=\"lazy\" decoding=\"async\" width=\"1024\" height=\"868\" src=\"https:\/\/cmnsuppliers.co.mz\/wp-content\/uploads\/2024\/09\/prod-servic-1024x868.jpg\" class=\"attachment-large size-large wp-image-362\" alt=\"\" srcset=\"https:\/\/cmnsuppliers.co.mz\/wp-content\/uploads\/2024\/09\/prod-servic-1024x868.jpg 1024w, https:\/\/cmnsuppliers.co.mz\/wp-content\/uploads\/2024\/09\/prod-servic-300x254.jpg 300w, https:\/\/cmnsuppliers.co.mz\/wp-content\/uploads\/2024\/09\/prod-servic-768x651.jpg 768w, https:\/\/cmnsuppliers.co.mz\/wp-content\/uploads\/2024\/09\/prod-servic.jpg 1118w\" sizes=\"(max-width: 1024px) 100vw, 1024px\" \/>\t\t\t\t\t\t\t\t\t\t\t\t\t<\/div>\n\t\t\t\t<\/div>\n\t\t\t\t\t<\/div>\n\t\t\t\t<\/div>\n\t\t\t\t<\/div>\n\t\t","protected":false},"excerpt":{"rendered":"<p>Bordados e estampagem Cart\u00f5es de visita Reclames Material inform\u00e1tico e de escrit\u00f3rio Equipamento de higiene&hellip;<\/p>\n","protected":false},"author":1,"featured_media":0,"parent":0,"menu_order":0,"comment_status":"closed","ping_status":"closed","template":"templates\/builder-fullwidth-std.php","meta":{"footnotes":""},"class_list":["post-195","page","type-page","status-publish","hentry"],"_links":{"self":[{"href":"https:\/\/cmnsuppliers.co.mz\/index.php?rest_route=\/wp\/v2\/pages\/195","targetHints":{"allow":["GET"]}}],"collection":[{"href":"https:\/\/cmnsuppliers.co.mz\/index.php?rest_route=\/wp\/v2\/pages"}],"about":[{"href":"https:\/\/cmnsuppliers.co.mz\/index.php?rest_route=\/wp\/v2\/types\/page"}],"author":[{"embeddable":true,"href":"https:\/\/cmnsuppliers.co.mz\/index.php?rest_route=\/wp\/v2\/users\/1"}],"replies":[{"embeddable":true,"href":"https:\/\/cmnsuppliers.co.mz\/index.php?rest_route=%2Fwp%2Fv2%2Fcomments&post=195"}],"version-history":[{"count":0,"href":"https:\/\/cmnsuppliers.co.mz\/index.php?rest_route=\/wp\/v2\/pages\/195\/revisions"}],"wp:attachment":[{"href":"https:\/\/cmnsuppliers.co.mz\/index.php?rest_route=%2Fwp%2Fv2%2Fmedia&parent=195"}],"curies":[{"name":"wp","href":"https:\/\/api.w.org\/{rel}","templated":true}]}}